{"id":30,"date":"2020-05-02T07:33:55","date_gmt":"2020-05-02T07:33:55","guid":{"rendered":"https:\/\/proitso.com\/Learning\/?page_id=30"},"modified":"2025-02-23T17:29:43","modified_gmt":"2025-02-23T17:29:43","slug":"elearning-school","status":"publish","type":"page","link":"https:\/\/proitso.com\/Learning\/elearning-school\/","title":{"rendered":"eLearning School"},"content":{"rendered":"\t\t<div data-elementor-type=\"wp-page\" data-elementor-id=\"30\" class=\"elementor elementor-30\" data-elementor-post-type=\"page\">\n\t\t\t\t\t\t<div class=\"elementor-section elementor-top-section elementor-element elementor-element-0df3277 elementor-section-full_width elementor-section-height-default elementor-section-height-default\" data-id=\"0df3277\" data-element_type=\"section\">\n\t\t\t\t\t\t<div class=\"elementor-container elementor-column-gap-no\">\n\t\t\t\t\t<div class=\"elementor-column elementor-col-100 elementor-top-column elementor-element elementor-element-6c51b95\" data-id=\"6c51b95\" data-element_type=\"column\">\n\t\t\t<div class=\"elementor-widget-wrap elementor-element-populated\">\n\t\t\t\t\t\t<div class=\"elementor-element elementor-element-3ee7c2b elementor-widget elementor-widget-eCademy_Banner_One\" data-id=\"3ee7c2b\" data-element_type=\"widget\" data-widget_type=\"eCademy_Banner_One.default\">\n\t\t\t\t<div class=\"elementor-widget-container\">\n\t\t\t\t\t            <div class=\"main-banner\" style=\"background-image:url(https:\/\/proitso.com\/Learning\/wp-content\/uploads\/2020\/05\/gray-bg.jpg);\">\r\n                <div class=\"container-fluid\">\r\n                    <div class=\"row align-items-center\">\r\n                        <div class=\"col-lg-6 col-md-12\">\r\n                            <div class=\"main-banner-content\">\r\n                                <h1 >\r\n                                    The World\u2019s Leading Distance Learning Provider                                <\/h1>\r\n\r\n                                <p >Flexible easy to access learning opportunities can bring a significant change in how individuals prefer to learn! The eCademy can offer you to enjoy the beauty of eLearning!<\/p>\r\n\r\n                                                                    <a href=\"https:\/\/proitso.com\/Learning\/profile\/\" class=\"default-btn\"><i class=\"flaticon-user\"><\/i>Join For Free<span><\/span><\/a>\r\n                                                            <\/div>\r\n                        <\/div>\r\n\r\n                        <div class=\"col-lg-6 col-md-12\">\r\n                            <div class=\"main-banner-courses-list\">\r\n                                <div class=\"row\">\r\n                                                                                                                        <div class=\"col-lg-6 col-md-6\">\r\n                                                                                                                                                                                            <\/div>\r\n                                        \r\n                                                                                    <div class=\"col-lg-6 col-md-6\">\r\n                                                                                                                                            <\/div>\r\n                                                                                                            <\/div>\r\n\r\n                                                                    <div class=\"banner-shape1\" data-speed=\"0.06\" data-revert=\"true\">\r\n                                                                                    <img decoding=\"async\" src=\"https:\/\/proitso.com\/Learning\/wp-content\/uploads\/2020\/05\/banner-shape1.png\" alt=\"shape image\">\r\n                                                                            <\/div>\r\n                                \r\n                                                                    <div class=\"banner-shape2\" data-speed=\"0.06\" data-revert=\"true\">\r\n                                                                                    <img decoding=\"async\" src=\"https:\/\/proitso.com\/Learning\/wp-content\/uploads\/2020\/05\/banner-shape2.png\" alt=\"shape image\">\r\n                                                                            <\/div>\r\n                                \r\n                                                                    <div class=\"banner-shape3\" data-speed=\"0.06\" data-revert=\"true\">\r\n                                                                                    <img decoding=\"async\" src=\"https:\/\/proitso.com\/Learning\/wp-content\/uploads\/2020\/05\/banner-shape3.png\" alt=\"shape image\">\r\n                                                                            <\/div>\r\n                                                            <\/div>\r\n                        <\/div>\r\n                    <\/div>\r\n                <\/div>\r\n            <\/div>\r\n            \t\t\t\t<\/div>\n\t\t\t\t<\/div>\n\t\t\t\t\t<\/div>\n\t\t<\/div>\n\t\t\t\t\t<\/div>\n\t\t<\/div>\n\t\t\t\t<div class=\"elementor-section elementor-top-section elementor-element elementor-element-dec0ba9 elementor-section-full_width elementor-section-height-default elementor-section-height-default\" data-id=\"dec0ba9\" data-element_type=\"section\">\n\t\t\t\t\t\t<div class=\"elementor-container elementor-column-gap-no\">\n\t\t\t\t\t<div class=\"elementor-column elementor-col-100 elementor-top-column elementor-element elementor-element-b1aeead\" data-id=\"b1aeead\" data-element_type=\"column\">\n\t\t\t<div class=\"elementor-widget-wrap elementor-element-populated\">\n\t\t\t\t\t\t<div class=\"elementor-element elementor-element-914bfbf elementor-widget elementor-widget-Partner_Logo\" data-id=\"914bfbf\" data-element_type=\"widget\" data-widget_type=\"Partner_Logo.default\">\n\t\t\t\t<div class=\"elementor-widget-container\">\n\t\t\t\t\t\t\t\t\t\t<div class=\"partner-area pt-100 pb-70 border-bottom\">\r\n\t\t\t\t<div class=\"container\">\r\n\t\t\t\t\t<div class=\"row align-items-center\">\r\n\t\t\t\t\t\t\t\t\t\t\t\t\t<div class=\"col-lg-2 col-6 col-sm-3 col-md-3\">\r\n\t\t\t\t\t\t\t\t<div class=\"single-partner-item\">\r\n\t\t\t\t\t\t\t\t\t\t\t\t\t\t\t\t\t\t\t<img decoding=\"async\" src=\"https:\/\/proitso.com\/Learning\/wp-content\/uploads\/2020\/05\/logo-1.png\" alt=\"Partner Logo\">\r\n\t\t\t\t\t\t\t\t\t\t\t\t\t\t\t\t\t<\/div>\r\n\t\t\t\t\t\t\t<\/div>\r\n\t\t\t\t\t\t\t\t\t\t\t\t\t<div class=\"col-lg-2 col-6 col-sm-3 col-md-3\">\r\n\t\t\t\t\t\t\t\t<div class=\"single-partner-item\">\r\n\t\t\t\t\t\t\t\t\t\t\t\t\t\t\t\t\t\t\t<img decoding=\"async\" src=\"https:\/\/proitso.com\/Learning\/wp-content\/uploads\/2020\/05\/logo-2.png\" alt=\"Partner Logo\">\r\n\t\t\t\t\t\t\t\t\t\t\t\t\t\t\t\t\t<\/div>\r\n\t\t\t\t\t\t\t<\/div>\r\n\t\t\t\t\t\t\t\t\t\t\t\t\t<div class=\"col-lg-2 col-6 col-sm-3 col-md-3\">\r\n\t\t\t\t\t\t\t\t<div class=\"single-partner-item\">\r\n\t\t\t\t\t\t\t\t\t\t\t\t\t\t\t\t\t\t\t<img decoding=\"async\" src=\"https:\/\/proitso.com\/Learning\/wp-content\/uploads\/2020\/05\/logo-3.png\" alt=\"Partner Logo\">\r\n\t\t\t\t\t\t\t\t\t\t\t\t\t\t\t\t\t<\/div>\r\n\t\t\t\t\t\t\t<\/div>\r\n\t\t\t\t\t\t\t\t\t\t\t\t\t<div class=\"col-lg-2 col-6 col-sm-3 col-md-3\">\r\n\t\t\t\t\t\t\t\t<div class=\"single-partner-item\">\r\n\t\t\t\t\t\t\t\t\t\t\t\t\t\t\t\t\t\t\t<img decoding=\"async\" src=\"https:\/\/proitso.com\/Learning\/wp-content\/uploads\/2020\/05\/logo-4.png\" alt=\"Partner Logo\">\r\n\t\t\t\t\t\t\t\t\t\t\t\t\t\t\t\t\t<\/div>\r\n\t\t\t\t\t\t\t<\/div>\r\n\t\t\t\t\t\t\t\t\t\t\t\t\t<div class=\"col-lg-2 col-6 col-sm-3 col-md-3\">\r\n\t\t\t\t\t\t\t\t<div class=\"single-partner-item\">\r\n\t\t\t\t\t\t\t\t\t\t\t\t\t\t\t\t\t\t\t<img decoding=\"async\" src=\"https:\/\/proitso.com\/Learning\/wp-content\/uploads\/2020\/05\/logo-5.png\" alt=\"Partner Logo\">\r\n\t\t\t\t\t\t\t\t\t\t\t\t\t\t\t\t\t<\/div>\r\n\t\t\t\t\t\t\t<\/div>\r\n\t\t\t\t\t\t\t\t\t\t\t\t\t<div class=\"col-lg-2 col-6 col-sm-3 col-md-3\">\r\n\t\t\t\t\t\t\t\t<div class=\"single-partner-item\">\r\n\t\t\t\t\t\t\t\t\t\t\t\t\t\t\t\t\t\t\t<img decoding=\"async\" src=\"https:\/\/proitso.com\/Learning\/wp-content\/uploads\/2020\/05\/logo-6.png\" alt=\"Partner Logo\">\r\n\t\t\t\t\t\t\t\t\t\t\t\t\t\t\t\t\t<\/div>\r\n\t\t\t\t\t\t\t<\/div>\r\n\t\t\t\t\t\t\t\t\t\t\t<\/div>\r\n\t\t\t\t<\/div>\r\n\t\t\t<\/div>\r\n\t\t        \t\t\t\t<\/div>\n\t\t\t\t<\/div>\n\t\t\t\t\t<\/div>\n\t\t<\/div>\n\t\t\t\t\t<\/div>\n\t\t<\/div>\n\t\t\t\t<section class=\"elementor-section elementor-top-section elementor-element elementor-element-416dc37 courses-area ptb-100 elementor-section-boxed elementor-section-height-default elementor-section-height-default\" data-id=\"416dc37\" data-element_type=\"section\">\n\t\t\t\t\t\t<div class=\"elementor-container elementor-column-gap-default\">\n\t\t\t\t\t<div class=\"elementor-column elementor-col-100 elementor-top-column elementor-element elementor-element-e1423f7\" data-id=\"e1423f7\" data-element_type=\"column\">\n\t\t\t<div class=\"elementor-widget-wrap elementor-element-populated\">\n\t\t\t\t\t\t<div class=\"elementor-element elementor-element-bdcff23 elementor-widget elementor-widget-Section\" data-id=\"bdcff23\" data-element_type=\"widget\" data-widget_type=\"Section.default\">\n\t\t\t\t<div class=\"elementor-widget-container\">\n\t\t\t\t\t                            <div class=\"section-title sec-alignment text-center\">\r\n                                            <span class=\"sub-title\">Aprende a tu propio ritmo<\/span>\r\n                    \r\n                                            <h2 >Cursos Online<\/h2>\r\n                                        \r\n                                            <p >\u00a1Explore todos nuestros cursos y elija los adecuados para inscribirse y comenzar a aprender con nosotros! \u00a1Te aseguramos que nunca te arrepentir\u00e1s!<\/p>\r\n                                    <\/div>\r\n                    \t\t\t\t<\/div>\n\t\t\t\t<\/div>\n\t\t\t\t<div class=\"elementor-element elementor-element-f664bcb elementor-widget elementor-widget-eCademy_Courses\" data-id=\"f664bcb\" data-element_type=\"widget\" data-widget_type=\"eCademy_Courses.default\">\n\t\t\t\t<div class=\"elementor-widget-container\">\n\t\t\t\t\t                    <div class=\"container\">\r\n                <div class=\"row\">\r\n                                        \r\n                                            <div class=\"col-lg-12 col-md-12\">\r\n                            <div class=\"courses-info\">\r\n                                <p>Enjoy the top notch learning methods and achieve next level skills! You are the creator of your own career &amp; we will guide you through that.  <a href=\"https:\/\/proitso.com\/Learning\/profile\/\"><strong>Register Free Now!<\/strong>\u200b<\/a><\/p>\r\n                            <\/div>\r\n                        <\/div>\r\n                                    <\/div>\r\n            <\/div>\r\n        \r\n        \r\n                \t\t\t\t<\/div>\n\t\t\t\t<\/div>\n\t\t\t\t\t<\/div>\n\t\t<\/div>\n\t\t\t\t\t<\/div>\n\t\t<\/section>\n\t\t\t\t<section class=\"elementor-section elementor-top-section elementor-element elementor-element-52cdeeb elementor-section-full_width elementor-section-height-default elementor-section-height-default\" data-id=\"52cdeeb\" data-element_type=\"section\">\n\t\t\t\t\t\t<div class=\"elementor-container elementor-column-gap-no\">\n\t\t\t\t\t<div class=\"elementor-column elementor-col-100 elementor-top-column elementor-element elementor-element-8ee493b\" data-id=\"8ee493b\" data-element_type=\"column\">\n\t\t\t<div class=\"elementor-widget-wrap elementor-element-populated\">\n\t\t\t\t\t\t<div class=\"elementor-element elementor-element-83c48eb elementor-widget elementor-widget-Section\" data-id=\"83c48eb\" data-element_type=\"widget\" data-widget_type=\"Section.default\">\n\t\t\t\t<div class=\"elementor-widget-container\">\n\t\t\t\t\t                            <div class=\"premium-access-area ptb-100\">\r\n                    <div class=\"container\">\r\n                        <div class=\"premium-access-content sec-alignment text-center\">\r\n                        <span class=\"sub-title\">Certificaci\u00f3n asequible<\/span>\r\n                        <h2 >Obtenga su certificado de habilidades de calidad a trav\u00e9s de un examen en l\u00ednea<\/h2>\r\n                        <p >Los precios amigables para los estudiantes para los programas de certificaci\u00f3n ayudan a las personas a obtener su certificado de habilidades m\u00e1s f\u00e1cilmente que nunca.<\/p>\r\n                                                    <a href=\"https:\/\/proitso.com\/Learning\/become-a-teacher\/\" class=\"default-btn\"><i class=\"flaticon-agenda\"><\/i>Comience ahora<span><\/span><\/a>\r\n                                                <\/div>\r\n                    <\/div>\r\n\r\n                                            <div class=\"shape3\">\r\n                                                            <img decoding=\"async\" src=\"https:\/\/proitso.com\/Learning\/wp-content\/uploads\/2020\/05\/shape3.png\" alt=\"Shape Image\">\r\n                                                    <\/div>\r\n                    \r\n                                            <div class=\"shape4\">\r\n                                                            <img decoding=\"async\" src=\"https:\/\/proitso.com\/Learning\/wp-content\/uploads\/2020\/05\/shape4.png\" alt=\"Shape Image\">\r\n                                                    <\/div>\r\n                                                                <div class=\"shape8\">\r\n                                                            <img decoding=\"async\" src=\"https:\/\/proitso.com\/Learning\/wp-content\/uploads\/2020\/05\/shape7.png\" alt=\"Shape Image\">\r\n                                                    <\/div>\r\n                                    <\/div>\r\n                    \t\t\t\t<\/div>\n\t\t\t\t<\/div>\n\t\t\t\t\t<\/div>\n\t\t<\/div>\n\t\t\t\t\t<\/div>\n\t\t<\/section>\n\t\t\t\t<\/div>\n\t\t","protected":false},"excerpt":{"rendered":"<p>The World\u2019s Leading Distance Learning Provider Flexible easy to access learning opportunities can bring a significant change in how individuals <\/p>\n","protected":false},"author":1,"featured_media":0,"parent":0,"menu_order":0,"comment_status":"closed","ping_status":"closed","template":"elementor_header_footer","meta":{"_acf_changed":false,"footnotes":""},"class_list":["post-30","page","type-page","status-publish","hentry"],"acf":[],"_links":{"self":[{"href":"https:\/\/proitso.com\/Learning\/wp-json\/wp\/v2\/pages\/30","targetHints":{"allow":["GET"]}}],"collection":[{"href":"https:\/\/proitso.com\/Learning\/wp-json\/wp\/v2\/pages"}],"about":[{"href":"https:\/\/proitso.com\/Learning\/wp-json\/wp\/v2\/types\/page"}],"author":[{"embeddable":true,"href":"https:\/\/proitso.com\/Learning\/wp-json\/wp\/v2\/users\/1"}],"replies":[{"embeddable":true,"href":"https:\/\/proitso.com\/Learning\/wp-json\/wp\/v2\/comments?post=30"}],"version-history":[{"count":15,"href":"https:\/\/proitso.com\/Learning\/wp-json\/wp\/v2\/pages\/30\/revisions"}],"predecessor-version":[{"id":5795,"href":"https:\/\/proitso.com\/Learning\/wp-json\/wp\/v2\/pages\/30\/revisions\/5795"}],"wp:attachment":[{"href":"https:\/\/proitso.com\/Learning\/wp-json\/wp\/v2\/media?parent=30"}],"curies":[{"name":"wp","href":"https:\/\/api.w.org\/{rel}","templated":true}]}}