{"id":1046,"date":"2020-06-01T05:46:45","date_gmt":"2020-06-01T05:46:45","guid":{"rendered":"https:\/\/proitso.com\/Learning\/?page_id=1046"},"modified":"2025-02-23T18:26:47","modified_gmt":"2025-02-23T18:26:47","slug":"distance-learning","status":"publish","type":"page","link":"https:\/\/proitso.com\/Learning\/","title":{"rendered":"Distance Learning"},"content":{"rendered":"\t\t<div data-elementor-type=\"wp-page\" data-elementor-id=\"1046\" class=\"elementor elementor-1046\" data-elementor-post-type=\"page\">\n\t\t\t\t\t\t<section class=\"elementor-section elementor-top-section elementor-element elementor-element-2dcc3a8 elementor-section-full_width elementor-section-height-default elementor-section-height-default\" data-id=\"2dcc3a8\" data-element_type=\"section\">\n\t\t\t\t\t\t<div class=\"elementor-container elementor-column-gap-no\">\n\t\t\t\t\t<div class=\"elementor-column elementor-col-100 elementor-top-column elementor-element elementor-element-25124de\" data-id=\"25124de\" data-element_type=\"column\">\n\t\t\t<div class=\"elementor-widget-wrap elementor-element-populated\">\n\t\t\t\t\t\t<div class=\"elementor-element elementor-element-9dfe9b2 elementor-widget elementor-widget-eCademy_Banner_Four\" data-id=\"9dfe9b2\" data-element_type=\"widget\" data-widget_type=\"eCademy_Banner_Four.default\">\n\t\t\t\t<div class=\"elementor-widget-container\">\n\t\t\t\t\t        <div class=\"banner-wrapper\"style=\"background-image:url(https:\/\/proitso.com\/Learning\/wp-content\/uploads\/2020\/06\/main-banner1.jpg);\">\r\n            <div class=\"d-table\">\r\n                <div class=\"d-table-cell\">\r\n                    <div class=\"container\">\r\n                        <div class=\"banner-wrapper-text\">\r\n\t\t\t\t\t\t\t<h1 >\r\n\t\t\t\t\t\t\t\tConstruye habilidades con expertos en cualquier momento y en cualquier lugar.\t\t\t\t\t\t\t<\/h1>\r\n                            <p >Lorem ipsum dolor sit amet, consectetur adipiscing elit, sed do eiusmod tempor incididunt ut labore et dolore magna aliqua.<\/p>\r\n\r\n                            \t\t\t\t\t\t\t\t<a href=\"https:\/\/proitso.com\/Learning\/courses\/\" class=\"default-btn\"><i class=\"flaticon-user\"><\/i>Ver todos los cursos<span><\/span><\/a>\r\n\t\t\t\t\t\t\t                        <\/div>\r\n                    <\/div>\r\n                <\/div>\r\n            <\/div>\r\n\r\n                            <div class=\"banner-shape11\" data-speed=\"0.06\" data-revert=\"true\">\r\n                                            <img decoding=\"async\" src=\"https:\/\/proitso.com\/Learning\/wp-content\/uploads\/2020\/06\/banner-shape12.png\" alt=\"shape image\">\r\n                                    <\/div>\r\n                                        <div class=\"banner-shape12\" data-speed=\"0.06\" data-revert=\"true\">\r\n                                            <img decoding=\"async\" src=\"https:\/\/proitso.com\/Learning\/wp-content\/uploads\/2020\/06\/banner-shape13.png\" alt=\"shape image\">\r\n                                    <\/div>\r\n                                        <div class=\"banner-shape13\" data-speed=\"0.06\" data-revert=\"true\">\r\n                                            <img decoding=\"async\" src=\"https:\/\/proitso.com\/Learning\/wp-content\/uploads\/2020\/06\/banner-shape14.png\" alt=\"shape image\">\r\n                                    <\/div>\r\n                    <\/div>\r\n        \t\t\t\t<\/div>\n\t\t\t\t<\/div>\n\t\t\t\t\t<\/div>\n\t\t<\/div>\n\t\t\t\t\t<\/div>\n\t\t<\/section>\n\t\t\t\t<section class=\"elementor-section elementor-top-section elementor-element elementor-element-f7ad85a elementor-section-full_width elementor-section-height-default elementor-section-height-default\" data-id=\"f7ad85a\" data-element_type=\"section\" data-settings=\"{&quot;background_background&quot;:&quot;classic&quot;}\">\n\t\t\t\t\t\t\t<div class=\"elementor-background-overlay\"><\/div>\n\t\t\t\t\t\t\t<div class=\"elementor-container elementor-column-gap-no\">\n\t\t\t\t\t<div class=\"elementor-column elementor-col-100 elementor-top-column elementor-element elementor-element-56edc1f\" data-id=\"56edc1f\" data-element_type=\"column\">\n\t\t\t<div class=\"elementor-widget-wrap elementor-element-populated\">\n\t\t\t\t\t\t<div class=\"elementor-element elementor-element-a4494c0 elementor-widget elementor-widget-eCademy_Features_Boxe\" data-id=\"a4494c0\" data-element_type=\"widget\" data-widget_type=\"eCademy_Features_Boxe.default\">\n\t\t\t\t<div class=\"elementor-widget-container\">\n\t\t\t\t\t                    <div class=\"boxes-area bg-f5f7fa\">\r\n                <div class=\"container\">\r\n                    <div class=\"row\">\r\n                                                    <div class=\"col-lg-4 col-sm-6 col-md-6col-lg-4 col-sm-6 col-md-6\">\r\n                                <div class=\"single-box-item\">\r\n                                    <div class=\"icon\">\r\n                                        <i class=\"flaticon-brain-process\"><\/i>\r\n                                                                                                                                    <img decoding=\"async\" src=\"https:\/\/proitso.com\/Learning\/wp-content\/uploads\/2020\/06\/icon-shape.png\" alt=\"Aprende las \u00faltimas habilidades\">\r\n                                                                                                                        <\/div>\r\n                                    <h3>Aprende las \u00faltimas habilidades<\/h3>\r\n                                    <p>Lorem ipsum dolor sit amet, consecteur adipiscing elit, sed do eiusmod tempor.<\/p>\r\n\r\n                                                                    <a target=\"_self\" href =\"https:\/\/proitso.com\/Learning\/courses\/\" class=\"link-btn\">\u00a1Empiece ahora!\n<\/a>\r\n                                                                <\/div>\r\n                            <\/div>\r\n                                                    <div class=\"col-lg-4 col-sm-6 col-md-6col-lg-4 col-sm-6 col-md-6\">\r\n                                <div class=\"single-box-item\">\r\n                                    <div class=\"icon\">\r\n                                        <i class=\"flaticon-computer\"><\/i>\r\n                                                                                                                                    <img decoding=\"async\" src=\"https:\/\/proitso.com\/Learning\/wp-content\/uploads\/2020\/06\/icon-shape.png\" alt=\"Ve a tu propio ritmo\">\r\n                                                                                                                        <\/div>\r\n                                    <h3>Ve a tu propio ritmo<\/h3>\r\n                                    <p>Lorem ipsum dolor sit amet, consecteur adipiscing elit, sed do eiusmod tempor.<\/p>\r\n\r\n                                                                    <a target=\"_self\" href =\"https:\/\/proitso.com\/Learning\/courses\/\" class=\"link-btn\">\u00a1Empiece ahora!\n<\/a>\r\n                                                                <\/div>\r\n                            <\/div>\r\n                                                    <div class=\"col-lg-4 col-sm-6 col-md-6col-lg-4 col-sm-6 col-md-6\">\r\n                                <div class=\"single-box-item\">\r\n                                    <div class=\"icon\">\r\n                                        <i class=\"flaticon-shield-1\"><\/i>\r\n                                                                                                                                    <img decoding=\"async\" src=\"https:\/\/proitso.com\/Learning\/wp-content\/uploads\/2020\/06\/icon-shape.png\" alt=\"Aprenda de los expertos de la industria\">\r\n                                                                                                                        <\/div>\r\n                                    <h3>Aprenda de los expertos de la industria<\/h3>\r\n                                    <p>Lorem ipsum dolor sit amet, consecteur adipiscing elit, sed do eiusmod tempor.<\/p>\r\n\r\n                                                                    <a target=\"_self\" href =\"https:\/\/proitso.com\/Learning\/courses\/\" class=\"link-btn\">\u00a1Empiece ahora!\n<\/a>\r\n                                                                <\/div>\r\n                            <\/div>\r\n                                            <\/div>\r\n                <\/div>\r\n            <\/div>\r\n                \t\t\t\t<\/div>\n\t\t\t\t<\/div>\n\t\t\t\t\t<\/div>\n\t\t<\/div>\n\t\t\t\t\t<\/div>\n\t\t<\/section>\n\t\t\t\t<section class=\"elementor-section elementor-top-section elementor-element elementor-element-530d3c0 elementor-section-full_width courses-area bg-f5f7fa pt-100 pb-70 elementor-section-height-default elementor-section-height-default\" data-id=\"530d3c0\" data-element_type=\"section\">\n\t\t\t\t\t\t<div class=\"elementor-container elementor-column-gap-no\">\n\t\t\t\t\t<div class=\"elementor-column elementor-col-100 elementor-top-column elementor-element elementor-element-18f9164\" data-id=\"18f9164\" data-element_type=\"column\">\n\t\t\t<div class=\"elementor-widget-wrap\">\n\t\t\t\t\t\t\t<\/div>\n\t\t<\/div>\n\t\t\t\t\t<\/div>\n\t\t<\/section>\n\t\t\t\t<section class=\"elementor-section elementor-top-section elementor-element elementor-element-767e303 elementor-section-full_width bg-f9f9f9 elementor-section-height-default elementor-section-height-default\" data-id=\"767e303\" data-element_type=\"section\">\n\t\t\t\t\t\t<div class=\"elementor-container elementor-column-gap-no\">\n\t\t\t\t\t<div class=\"elementor-column elementor-col-100 elementor-top-column elementor-element elementor-element-71734af\" data-id=\"71734af\" data-element_type=\"column\">\n\t\t\t<div class=\"elementor-widget-wrap elementor-element-populated\">\n\t\t\t\t\t\t<div class=\"elementor-element elementor-element-cb2f339 elementor-widget elementor-widget-Section\" data-id=\"cb2f339\" data-element_type=\"widget\" data-widget_type=\"Section.default\">\n\t\t\t\t<div class=\"elementor-widget-container\">\n\t\t\t\t\t                            <div class=\"premium-access-area ptb-100\">\r\n                    <div class=\"container\">\r\n                        <div class=\"premium-access-content sec-alignment text-center\">\r\n                        <span class=\"sub-title\">Certificaci\u00f3n asequible<\/span>\r\n                        <h2 >Obtenga su certificado de habilidades de calidad a trav\u00e9s de un examen en l\u00ednea<\/h2>\r\n                        <p >Los precios amigables para los estudiantes para los programas de certificaci\u00f3n ayudan a las personas a obtener su certificado de habilidades m\u00e1s f\u00e1cilmente que nunca.<\/p>\r\n                                                    <a href=\"https:\/\/proitso.com\/Learning\/become-a-teacher\/\" class=\"default-btn\"><i class=\"flaticon-agenda\"><\/i> Get Started Now<span><\/span><\/a>\r\n                                                <\/div>\r\n                    <\/div>\r\n\r\n                                            <div class=\"shape3\">\r\n                                                            <img decoding=\"async\" src=\"https:\/\/proitso.com\/Learning\/wp-content\/uploads\/2020\/05\/shape3.png\" alt=\"Shape Image\">\r\n                                                    <\/div>\r\n                    \r\n                                            <div class=\"shape4\">\r\n                                                            <img decoding=\"async\" src=\"https:\/\/proitso.com\/Learning\/wp-content\/uploads\/2020\/05\/shape4.png\" alt=\"Shape Image\">\r\n                                                    <\/div>\r\n                                                                <div class=\"shape8\">\r\n                                                            <img decoding=\"async\" src=\"https:\/\/proitso.com\/Learning\/wp-content\/uploads\/2020\/05\/shape7.png\" alt=\"Shape Image\">\r\n                                                    <\/div>\r\n                                    <\/div>\r\n                    \t\t\t\t<\/div>\n\t\t\t\t<\/div>\n\t\t\t\t\t<\/div>\n\t\t<\/div>\n\t\t\t\t\t<\/div>\n\t\t<\/section>\n\t\t\t\t<div class=\"elementor-section elementor-top-section elementor-element elementor-element-080cd31 elementor-section-full_width elementor-section-height-default elementor-section-height-default\" data-id=\"080cd31\" data-element_type=\"section\" data-settings=\"{&quot;background_background&quot;:&quot;classic&quot;}\">\n\t\t\t\t\t\t<div class=\"elementor-container elementor-column-gap-no\">\n\t\t\t\t\t<div class=\"elementor-column elementor-col-100 elementor-top-column elementor-element elementor-element-162d7c1\" data-id=\"162d7c1\" data-element_type=\"column\">\n\t\t\t<div class=\"elementor-widget-wrap elementor-element-populated\">\n\t\t\t\t\t\t<div class=\"elementor-element elementor-element-3ad17db elementor-widget elementor-widget-Partner_Logo\" data-id=\"3ad17db\" data-element_type=\"widget\" data-widget_type=\"Partner_Logo.default\">\n\t\t\t\t<div class=\"elementor-widget-container\">\n\t\t\t\t\t\t\t\t\t\t<div class=\"partner-area pt-100 pb-70 border-bottom\">\r\n\t\t\t\t<div class=\"container\">\r\n\t\t\t\t\t<div class=\"row align-items-center\">\r\n\t\t\t\t\t\t\t\t\t\t\t\t\t<div class=\"col-lg-2 col-6 col-sm-3 col-md-3\">\r\n\t\t\t\t\t\t\t\t<div class=\"single-partner-item\">\r\n\t\t\t\t\t\t\t\t\t\t\t\t\t\t\t\t\t\t\t<img decoding=\"async\" src=\"https:\/\/proitso.com\/Learning\/wp-content\/uploads\/2020\/05\/logo-1.png\" alt=\"Partner Logo\">\r\n\t\t\t\t\t\t\t\t\t\t\t\t\t\t\t\t\t<\/div>\r\n\t\t\t\t\t\t\t<\/div>\r\n\t\t\t\t\t\t\t\t\t\t\t\t\t<div class=\"col-lg-2 col-6 col-sm-3 col-md-3\">\r\n\t\t\t\t\t\t\t\t<div class=\"single-partner-item\">\r\n\t\t\t\t\t\t\t\t\t\t\t\t\t\t\t\t\t\t\t<img decoding=\"async\" src=\"https:\/\/proitso.com\/Learning\/wp-content\/uploads\/2020\/05\/logo-2.png\" alt=\"Partner Logo\">\r\n\t\t\t\t\t\t\t\t\t\t\t\t\t\t\t\t\t<\/div>\r\n\t\t\t\t\t\t\t<\/div>\r\n\t\t\t\t\t\t\t\t\t\t\t\t\t<div class=\"col-lg-2 col-6 col-sm-3 col-md-3\">\r\n\t\t\t\t\t\t\t\t<div class=\"single-partner-item\">\r\n\t\t\t\t\t\t\t\t\t\t\t\t\t\t\t\t\t\t\t<img decoding=\"async\" src=\"https:\/\/proitso.com\/Learning\/wp-content\/uploads\/2020\/05\/logo-3.png\" alt=\"Partner Logo\">\r\n\t\t\t\t\t\t\t\t\t\t\t\t\t\t\t\t\t<\/div>\r\n\t\t\t\t\t\t\t<\/div>\r\n\t\t\t\t\t\t\t\t\t\t\t\t\t<div class=\"col-lg-2 col-6 col-sm-3 col-md-3\">\r\n\t\t\t\t\t\t\t\t<div class=\"single-partner-item\">\r\n\t\t\t\t\t\t\t\t\t\t\t\t\t\t\t\t\t\t\t<img decoding=\"async\" src=\"https:\/\/proitso.com\/Learning\/wp-content\/uploads\/2020\/05\/logo-4.png\" alt=\"Partner Logo\">\r\n\t\t\t\t\t\t\t\t\t\t\t\t\t\t\t\t\t<\/div>\r\n\t\t\t\t\t\t\t<\/div>\r\n\t\t\t\t\t\t\t\t\t\t\t\t\t<div class=\"col-lg-2 col-6 col-sm-3 col-md-3\">\r\n\t\t\t\t\t\t\t\t<div class=\"single-partner-item\">\r\n\t\t\t\t\t\t\t\t\t\t\t\t\t\t\t\t\t\t\t<img decoding=\"async\" src=\"https:\/\/proitso.com\/Learning\/wp-content\/uploads\/2020\/05\/logo-5.png\" alt=\"Partner Logo\">\r\n\t\t\t\t\t\t\t\t\t\t\t\t\t\t\t\t\t<\/div>\r\n\t\t\t\t\t\t\t<\/div>\r\n\t\t\t\t\t\t\t\t\t\t\t\t\t<div class=\"col-lg-2 col-6 col-sm-3 col-md-3\">\r\n\t\t\t\t\t\t\t\t<div class=\"single-partner-item\">\r\n\t\t\t\t\t\t\t\t\t\t\t\t\t\t\t\t\t\t\t<img decoding=\"async\" src=\"https:\/\/proitso.com\/Learning\/wp-content\/uploads\/2020\/05\/logo-6.png\" alt=\"Partner Logo\">\r\n\t\t\t\t\t\t\t\t\t\t\t\t\t\t\t\t\t<\/div>\r\n\t\t\t\t\t\t\t<\/div>\r\n\t\t\t\t\t\t\t\t\t\t\t<\/div>\r\n\t\t\t\t<\/div>\r\n\t\t\t<\/div>\r\n\t\t        \t\t\t\t<\/div>\n\t\t\t\t<\/div>\n\t\t\t\t\t<\/div>\n\t\t<\/div>\n\t\t\t\t\t<\/div>\n\t\t<\/div>\n\t\t\t\t<\/div>\n\t\t","protected":false},"excerpt":{"rendered":"<p>Construye habilidades con expertos en cualquier momento y en cualquier lugar. Lorem ipsum dolor sit amet, consectetur adipiscing elit, sed <\/p>\n","protected":false},"author":1,"featured_media":0,"parent":0,"menu_order":0,"comment_status":"closed","ping_status":"closed","template":"","meta":{"_acf_changed":false,"footnotes":""},"class_list":["post-1046","page","type-page","status-publish","hentry"],"acf":[],"_links":{"self":[{"href":"https:\/\/proitso.com\/Learning\/wp-json\/wp\/v2\/pages\/1046","targetHints":{"allow":["GET"]}}],"collection":[{"href":"https:\/\/proitso.com\/Learning\/wp-json\/wp\/v2\/pages"}],"about":[{"href":"https:\/\/proitso.com\/Learning\/wp-json\/wp\/v2\/types\/page"}],"author":[{"embeddable":true,"href":"https:\/\/proitso.com\/Learning\/wp-json\/wp\/v2\/users\/1"}],"replies":[{"embeddable":true,"href":"https:\/\/proitso.com\/Learning\/wp-json\/wp\/v2\/comments?post=1046"}],"version-history":[{"count":33,"href":"https:\/\/proitso.com\/Learning\/wp-json\/wp\/v2\/pages\/1046\/revisions"}],"predecessor-version":[{"id":5833,"href":"https:\/\/proitso.com\/Learning\/wp-json\/wp\/v2\/pages\/1046\/revisions\/5833"}],"wp:attachment":[{"href":"https:\/\/proitso.com\/Learning\/wp-json\/wp\/v2\/media?parent=1046"}],"curies":[{"name":"wp","href":"https:\/\/api.w.org\/{rel}","templated":true}]}}